{"id":3593,"date":"2021-07-01T20:18:06","date_gmt":"2021-07-01T20:18:06","guid":{"rendered":"https:\/\/playtime-daycare.com\/?page_id=3593"},"modified":"2021-07-01T20:20:05","modified_gmt":"2021-07-01T20:20:05","slug":"our-policies","status":"publish","type":"page","link":"https:\/\/playtime-daycare.com\/es\/our-policies\/","title":{"rendered":"Nuestras Pol\u00edticas"},"content":{"rendered":"<div data-elementor-type=\"wp-page\" data-elementor-id=\"3593\" class=\"elementor elementor-3593\" data-elementor-post-type=\"page\">\n\t\t\t\t\t\t<section class=\"elementor-section elementor-top-section elementor-element elementor-element-0f00b2a elementor-section-boxed elementor-section-height-default elementor-section-height-default\" data-id=\"0f00b2a\" data-element_type=\"section\">\n\t\t\t\t\t\t<div class=\"elementor-container elementor-column-gap-default\">\n\t\t\t\t\t<div class=\"elementor-column elementor-col-100 elementor-top-column elementor-element elementor-element-c25213e\" data-id=\"c25213e\" data-element_type=\"column\">\n\t\t\t<div class=\"elementor-widget-wrap elementor-element-populated\">\n\t\t\t\t\t\t<div class=\"elementor-element elementor-element-5d2d072 elementor-widget elementor-widget-text-editor\" data-id=\"5d2d072\" data-element_type=\"widget\" data-widget_type=\"text-editor.default\">\n\t\t\t\t\t\t\t\t\t<h1><strong>Llegadas\/Salidas<\/strong><\/h1><p>No se permite que los ni\u00f1os entren o salgan del Centro sin su cuidador\/tutor\/tutor. En caso de una emergencia, debe notificarnos de cualquier persona que recoja a su hijo que no sea usted o las personas enumeradas en el formulario de consentimiento del cuidador\/tutor de contacto de emergencia. Ser\u00e1 necesario presentar una identificaci\u00f3n con fotograf\u00eda v\u00e1lida antes de que se le pueda entregar a su(s) hijo(s). Adem\u00e1s, cualquier persona que recoja a su hijo debe tener al menos 16 a\u00f1os de edad.<\/p><p>\u00a0<\/p><h1><strong>Per\u00edodo de prueba\/servicio de terminaci\u00f3n<\/strong><\/h1><p>Las primeras tres semanas de inscripci\u00f3n se consideran el per\u00edodo de prueba; la atenci\u00f3n podr\u00e1 ser terminada en cualquier momento durante ese per\u00edodo. Despu\u00e9s del per\u00edodo de prueba, cualquiera de las partes podr\u00e1 rescindir el acuerdo mediante notificaci\u00f3n escrita con dos semanas de antelaci\u00f3n. Si el cuidador\/tutor no proporciona un aviso de dos semanas, es posible que se requieran tarifas por esas semanas. Playtime Daycare &amp; Learning Center &amp; Learning Center se reserva el derecho de rescindir este contrato sin previo aviso en caso de comportamiento destructivo, incontrolable o violento en el caso de tarifas atrasadas.<\/p><p>\u00a0<\/p><h1><strong>Horas de operaci\u00f3n<\/strong><\/h1><p>Nuestro horario es de 5:30 am a 10:00 pm de lunes a viernes y de 6:30 am a 8:00 pm s\u00e1bado y domingo. El Centro est\u00e1 cerrado los siguientes d\u00edas festivos: Nochebuena, Navidad, Nochevieja, A\u00f1o Nuevo, D\u00eda de los Ca\u00eddos, D\u00eda del Trabajo, D\u00eda de la Independencia, D\u00eda de Acci\u00f3n de Gracias y d\u00eda despu\u00e9s del D\u00eda de Acci\u00f3n de Gracias.\u00a0<b>No hay reducci\u00f3n de matr\u00edcula para estos d\u00edas festivos.<\/b><\/p><p>\u00a0<\/p><h1><strong>Disciplina<\/strong><\/h1><p>Se fomenta el comportamiento aceptable dando una recompensa verbal positiva. Esto refuerza los buenos sentimientos del ni\u00f1o sobre su comportamiento y sirve como ejemplo para que los ni\u00f1os act\u00faen de tal manera que reciban este elogio. Pedirle a un ni\u00f1o que se detenga y piense en su comportamiento le permite trabajar en el autocontrol. Dependiendo de la situaci\u00f3n, generalmente se da una advertencia verbal y se recuerda al ni\u00f1o el comportamiento aceptable. El siguiente paso ser\u00e1 un \u201cTiempo de Tranquilidad\u201d. El \u201cTiempo de tranquilidad\u201d no es un castigo, sino m\u00e1s bien un momento en el que el ni\u00f1o puede calmarse, recordar qu\u00e9 comportamiento es aceptable y decidir cu\u00e1ndo est\u00e1 listo para volver a unirse al grupo con el comportamiento apropiado. Si el \u201cTiempo de tranquilidad\u201d no es efectivo, se informar\u00e1 a los padres y\/o tutores sobre dicho comportamiento. Los castigos como golpear, abofetear o azotar de cualquier manera no se consideran un m\u00e9todo aceptado para tratar el comportamiento de los ni\u00f1os peque\u00f1os y no ser\u00e1n una forma de disciplina en el Centro. Un ni\u00f1o puede ser suspendido y\/o despedido por comportamiento inapropiado inmediatamente.<\/p><p>\u00a0<\/p><h1><strong>Medicamento<\/strong><\/h1><p>Si nos solicita que le administremos medicamentos, recetados o de venta libre, se debe completar un formulario de autorizaci\u00f3n ANTES de que podamos administrar dichos medicamentos. Dispense todos los medicamentos en casa siempre que sea posible. Si su hijo requiere que se le dispensen medicamentos mientras est\u00e1 bajo nuestro cuidado, es responsabilidad del cuidador\/tutor informarnos. Los medicamentos recetados deben estar en el envase original con la etiqueta de la farmacia y las instrucciones del m\u00e9dico. La muestra de medicamento o de venta libre debe ir acompa\u00f1ada de la misma informaci\u00f3n que una receta, en papel membretado del m\u00e9dico. Nunca se deben dejar medicamentos en la lonchera o en la mochila de un ni\u00f1o.<\/p><p>\u00a0<\/p><h1><strong>Matr\u00edcula y cuotas<\/strong><\/h1><p>La tarifa de inscripci\u00f3n es $10.00 por ni\u00f1o y se debe pagar al momento de la inscripci\u00f3n. Esta es una tarifa no reembolsable y no se aplica a la matr\u00edcula de la primera semana.<\/p><p>La matr\u00edcula incluye cuidado infantil y programa preescolar por d\u00edas y horas (m\u00e1ximo de 10 horas por d\u00eda, seg\u00fan regulaci\u00f3n estatal) seg\u00fan lo acordado en su contrato. La matr\u00edcula no se reducir\u00e1 por ausencias, vacaciones o suspensiones. Todas las tarifas vencen el viernes, la semana antes de que comience la atenci\u00f3n. Si el pago no se recibe antes del viernes siguiente. Se aplicar\u00e1 un cargo por pago atrasado de $10.00 a su factura el lunes siguiente por la ma\u00f1ana. Se puede rechazar el cuidado de ni\u00f1os para cualquier cuenta que no est\u00e9 pagada en su totalidad.<\/p><p>Seg\u00fan el horario contratado, si su hijo asiste menos d\u00edas de los acordados, a\u00fan deber\u00e1 pagar la tarifa completa del contrato. Se aplicar\u00e1 un cargo por retiro tard\u00edo de $5.00 por cada 15 minutos a su factura semanal.<\/p><p>\u00a0<\/p><h1><strong>Pol\u00edtica de no discriminaci\u00f3n<\/strong><\/h1><p>Playtime Daycare &amp; Learning Center &amp; Learning Center admite estudiantes de cualquier raza, color u origen nacional o \u00e9tnico a todos los derechos, privilegios, programas y actividades generalmente otorgados o puestos a disposici\u00f3n de los estudiantes en la escuela. No discriminamos por motivos de raza, sexo, color u origen nacional o \u00e9tnico en la administraci\u00f3n de nuestras pol\u00edticas educativas, pol\u00edticas de admisi\u00f3n, programas deportivos o cualquier otro programa administrado por la escuela. Las consultas sobre las pol\u00edticas de no discriminaci\u00f3n de Playtime Daycare &amp; Learning Center &amp; Learning Center pueden dirigirse a Paula Espinal, MS, LBS.<\/p><p>\u00a0<\/p><h1><strong>Plan de estudios<\/strong><\/h1><p>Cada ni\u00f1o participa diariamente en per\u00edodos de actividad grupal, juego individual, juego al aire libre y momentos de tranquilidad. Todas las actividades son apropiadas para el desarrollo y satisfacen las necesidades f\u00edsicas, emocionales, sociales y cognitivas de cada ni\u00f1o. Se valora la imaginaci\u00f3n y la curiosidad de cada ni\u00f1o.<\/p><p>\u00a0<\/p><h1><strong>Iniciar y cerrar sesi\u00f3n<\/strong><\/h1><p>Un cuidador\/tutor debe registrar su llegada cuando el ni\u00f1o llega al centro. El cuidador\/tutor debe asegurarse de que el personal est\u00e9 consciente de la presencia del ni\u00f1o. El cuidador\/tutor debe firmar la salida del ni\u00f1o del programa al final del d\u00eda. El cuidador\/tutor debe revisar el cub\u00edculo del ni\u00f1o todos los d\u00edas para recibir cualquier anuncio o comunicaci\u00f3n que pueda enviarse a casa.<\/p>\t\t\t\t\t\t\t\t<\/div>\n\t\t\t\t\t<\/div>\n\t\t<\/div>\n\t\t\t\t\t<\/div>\n\t\t<\/section>\n\t\t\t\t<\/div>","protected":false},"excerpt":{"rendered":"<p>Llegadas\/Salidas No se permite que los ni\u00f1os entren o salgan del Centro sin su cuidador\/tutor\/tutor. En caso de una emergencia, debe notificarnos de cualquier persona que recoja a su hijo que no sea usted o las personas enumeradas en el formulario de consentimiento del cuidador\/tutor de contacto de emergencia. Ser\u00e1 necesario presentar una identificaci\u00f3n con fotograf\u00eda v\u00e1lida ante su(s) hijo(s) [\u2026]<\/p>","protected":false},"author":2,"featured_media":0,"parent":0,"menu_order":0,"comment_status":"closed","ping_status":"closed","template":"","meta":{"footnotes":""},"class_list":["post-3593","page","type-page","status-publish","hentry"],"_links":{"self":[{"href":"https:\/\/playtime-daycare.com\/es\/wp-json\/wp\/v2\/pages\/3593","targetHints":{"allow":["GET"]}}],"collection":[{"href":"https:\/\/playtime-daycare.com\/es\/wp-json\/wp\/v2\/pages"}],"about":[{"href":"https:\/\/playtime-daycare.com\/es\/wp-json\/wp\/v2\/types\/page"}],"author":[{"embeddable":true,"href":"https:\/\/playtime-daycare.com\/es\/wp-json\/wp\/v2\/users\/2"}],"replies":[{"embeddable":true,"href":"https:\/\/playtime-daycare.com\/es\/wp-json\/wp\/v2\/comments?post=3593"}],"version-history":[{"count":4,"href":"https:\/\/playtime-daycare.com\/es\/wp-json\/wp\/v2\/pages\/3593\/revisions"}],"predecessor-version":[{"id":3597,"href":"https:\/\/playtime-daycare.com\/es\/wp-json\/wp\/v2\/pages\/3593\/revisions\/3597"}],"wp:attachment":[{"href":"https:\/\/playtime-daycare.com\/es\/wp-json\/wp\/v2\/media?parent=3593"}],"curies":[{"name":"gracias","href":"https:\/\/api.w.org\/{rel}","templated":true}]}}