{"id":3518,"date":"2021-06-30T14:03:38","date_gmt":"2021-06-30T14:03:38","guid":{"rendered":"https:\/\/playtime-daycare.com\/?page_id=3518"},"modified":"2025-08-11T18:00:30","modified_gmt":"2025-08-11T18:00:30","slug":"enroll","status":"publish","type":"page","link":"https:\/\/playtime-daycare.com\/es\/enroll\/","title":{"rendered":"Inscribirse"},"content":{"rendered":"<div data-elementor-type=\"wp-page\" data-elementor-id=\"3518\" class=\"elementor elementor-3518\" data-elementor-post-type=\"page\">\n\t\t\t\t\t\t<section class=\"elementor-section elementor-top-section elementor-element elementor-element-df23f20 elementor-section-height-min-height elementor-section-items-stretch elementor-section-boxed elementor-section-height-default\" data-id=\"df23f20\" data-element_type=\"section\">\n\t\t\t\t\t\t<div class=\"elementor-container elementor-column-gap-wider\">\n\t\t\t\t\t<div class=\"elementor-column elementor-col-50 elementor-top-column elementor-element elementor-element-344de3ec\" data-id=\"344de3ec\" data-element_type=\"column\">\n\t\t\t<div class=\"elementor-widget-wrap elementor-element-populated\">\n\t\t\t\t\t\t<div class=\"elementor-element elementor-element-416c6fb6 elementor-widget elementor-widget-heading\" data-id=\"416c6fb6\" data-element_type=\"widget\" data-widget_type=\"heading.default\">\n\t\t\t\t\t<h2 class=\"elementor-heading-title elementor-size-default\">Inscripci\u00f3n<\/h2>\t\t\t\t<\/div>\n\t\t\t\t<div class=\"elementor-element elementor-element-43bec077 elementor-widget-divider--view-line elementor-widget elementor-widget-divider\" data-id=\"43bec077\" data-element_type=\"widget\" data-widget_type=\"divider.default\">\n\t\t\t\t\t\t\t<div class=\"elementor-divider\">\n\t\t\t<span class=\"elementor-divider-separator\">\n\t\t\t\t\t\t<\/span>\n\t\t<\/div>\n\t\t\t\t\t\t<\/div>\n\t\t\t\t<div class=\"elementor-element elementor-element-2688f82f elementor-widget elementor-widget-text-editor\" data-id=\"2688f82f\" data-element_type=\"widget\" data-widget_type=\"text-editor.default\">\n\t\t\t\t\t\t\t\t\t<div class=\"\"><div class=\"public-DraftStyleDefault-block public-DraftStyleDefault-ltr\"><p><span style=\"font-weight: 400;\">La oportunidad de inscribirse est\u00e1 abierta a todos los beb\u00e9s, ni\u00f1os peque\u00f1os y ni\u00f1os hasta los 13 a\u00f1os, siempre que el programa pueda satisfacer las necesidades del ni\u00f1o y haya un espacio disponible. Por favor <a style=\"color: #ed2460;\" href=\"tel:6104323068\">llamanos<\/a> para programar un recorrido y recibir un paquete de inscripci\u00f3n. Antes de la fecha de inicio de su hijo, deber\u00e1 completar lo siguiente:<\/span><\/p><ul><li style=\"font-weight: 400;\" aria-level=\"1\"><strong>La tasa de inscripci\u00f3n de $15 por ni\u00f1o.<\/strong><\/li><li style=\"font-weight: 400;\" aria-level=\"1\"><strong>Dep\u00f3sito de seguridad y matr\u00edcula de la primera semana.<\/strong><\/li><li style=\"font-weight: 400;\" aria-level=\"1\"><strong>Solicitud<\/strong><\/li><li style=\"font-weight: 400;\" aria-level=\"1\"><strong>Acuerdo de cuidado infantil entre padres y proveedores Contratos firmados<\/strong><\/li><li style=\"font-weight: 400;\" aria-level=\"1\"><strong>Formulario de contacto de emergencia\/consentimiento de los padres<\/strong><\/li><li style=\"font-weight: 400;\" aria-level=\"1\"><strong>Copia de registros de vacunaci\u00f3n.<\/strong><\/li><li style=\"font-weight: 400;\" aria-level=\"1\"><strong>Formulario de informe de salud infantil (debe entregarse dentro de los 30 d\u00edas posteriores a la fecha de inicio)<\/strong><\/li><li style=\"font-weight: 400;\" aria-level=\"1\"><strong>Informe de evaluaci\u00f3n de tuberculosis para centro de salud infantil<\/strong><\/li><li style=\"font-weight: 400;\" aria-level=\"1\"><strong>IEP (Plan Educativo Individual) \/ISFP (<span data-teams=\"true\">Plan Familiar de Apoyo Individual)<\/span> Formularios<\/strong><\/li><\/ul><\/div><\/div>\t\t\t\t\t\t\t\t<\/div>\n\t\t\t\t<div class=\"elementor-element elementor-element-704f6b86 elementor-widget elementor-widget-heading\" data-id=\"704f6b86\" data-element_type=\"widget\" data-widget_type=\"heading.default\">\n\t\t\t\t\t<h5 class=\"elementor-heading-title elementor-size-default\">Leer m\u00e1s<\/h5>\t\t\t\t<\/div>\n\t\t\t\t<div class=\"elementor-element elementor-element-280ed32b elementor-view-framed elementor-shape-circle elementor-widget elementor-widget-icon\" data-id=\"280ed32b\" data-element_type=\"widget\" data-widget_type=\"icon.default\">\n\t\t\t\t\t\t\t<div class=\"elementor-icon-wrapper\">\n\t\t\t<div class=\"elementor-icon\">\n\t\t\t<svg aria-hidden=\"true\" class=\"e-font-icon-svg e-fas-arrow-down\" viewbox=\"0 0 448 512\" xmlns=\"http:\/\/www.w3.org\/2000\/svg\"><path d=\"M413.1 222.5l22.2 22.2c9.4 9.4 9.4 24.6 0 33.9L241 473c-9.4 9.4-24.6 9.4-33.9 0L12.7 278.6c-9.4-9.4-9.4-24.6 0-33.9l22.2-22.2c9.5-9.5 25-9.3 34.3.4L184 343.4V56c0-13.3 10.7-24 24-24h32c13.3 0 24 10.7 24 24v287.4l114.8-120.5c9.3-9.8 24.8-10 34.3-.4z\"><\/path><\/svg>\t\t\t<\/div>\n\t\t<\/div>\n\t\t\t\t\t\t<\/div>\n\t\t\t\t\t<\/div>\n\t\t<\/div>\n\t\t\t\t<div class=\"elementor-column elementor-col-50 elementor-top-column elementor-element elementor-element-6bd2dd9\" data-id=\"6bd2dd9\" data-element_type=\"column\">\n\t\t\t<div class=\"elementor-widget-wrap elementor-element-populated\">\n\t\t\t\t\t\t<div class=\"elementor-element elementor-element-83206c2 elementor-widget elementor-widget-text-editor\" data-id=\"83206c2\" data-element_type=\"widget\" data-widget_type=\"text-editor.default\">\n\t\t\t\t\t\t\t\t\t<div class=\"\"><div class=\"public-DraftStyleDefault-block public-DraftStyleDefault-ltr\"><h2><span style=\"font-weight: 400; font-size: 18pt;\">FORMAS NECESARIAS PARA LA INSCRIPCI\u00d3N\u00a0<\/span><\/h2><h5><a style=\"text-decoration: underline; color: #ed2460;\" href=\"https:\/\/playtime-daycare.com\/wp-content\/uploads\/2019\/01\/physical-form.pdf\"><span style=\"font-weight: 400;\">Forma f\u00edsica<\/span><\/a><\/h5><h5><a style=\"text-decoration: underline; color: #ed2460;\" href=\"https:\/\/playtime-daycare.com\/wp-content\/uploads\/2019\/01\/TB-ASSESSMENT-FORM.doc\"><span style=\"font-weight: 400;\">Formulario de tuberculosis<\/span><\/a><\/h5><h5><a style=\"text-decoration: underline; color: #ed2460;\" href=\"https:\/\/playtime-daycare.com\/wp-content\/uploads\/2019\/03\/EmergencyContactForm.pdf\"><span style=\"font-weight: 400;\">Formulario de contacto de emergencia<\/span><\/a><\/h5><p><b>Por favor traiga la tarjeta de seguro m\u00e9dico del ni\u00f1o al momento de la inscripci\u00f3n.<\/b><\/p><\/div><\/div>\t\t\t\t\t\t\t\t<\/div>\n\t\t\t\t<div class=\"elementor-element elementor-element-2b8b1b6 elementor-widget elementor-widget-text-editor\" data-id=\"2b8b1b6\" data-element_type=\"widget\" data-widget_type=\"text-editor.default\">\n\t\t\t\t\t\t\t\t\t<div class=\"\"><div class=\"public-DraftStyleDefault-block public-DraftStyleDefault-ltr\"><h2><span style=\"font-weight: 400;\">Dep\u00f3sito de seguridad<\/span><\/h2><p><span style=\"font-weight: 400;\">Las nuevas inscripciones deber\u00e1n realizar un dep\u00f3sito de seguridad equivalente a la matr\u00edcula de una semana por ni\u00f1o inscrito. El dep\u00f3sito de seguridad reserva un espacio para su hijo y se puede realizar hasta 1 mes antes de asistir. El dep\u00f3sito de seguridad ser\u00e1 reembolsado cuando su hijo se retire del centro y se cumplan todas las obligaciones financieras.<\/span><\/p><p><b>Tenga en cuenta:<\/b><span style=\"font-weight: 400;\"> Se debe dar un aviso por escrito con dos semanas de anticipaci\u00f3n, o se perder\u00e1 el dep\u00f3sito, esto incluye los lugares reservados antes de comenzar.<\/span><\/p><\/div><\/div>\t\t\t\t\t\t\t\t<\/div>\n\t\t\t\t\t<\/div>\n\t\t<\/div>\n\t\t\t\t\t<\/div>\n\t\t<\/section>\n\t\t\t\t<section class=\"elementor-section elementor-top-section elementor-element elementor-element-63e9a231 elementor-section-height-min-height elementor-section-boxed elementor-section-height-default elementor-section-items-middle\" data-id=\"63e9a231\" data-element_type=\"section\" data-settings=\"{&quot;background_background&quot;:&quot;classic&quot;,&quot;shape_divider_top&quot;:&quot;clouds&quot;,&quot;shape_divider_top_negative&quot;:&quot;yes&quot;,&quot;shape_divider_bottom&quot;:&quot;clouds&quot;,&quot;shape_divider_bottom_negative&quot;:&quot;yes&quot;}\">\n\t\t\t\t\t\t\t<div class=\"elementor-background-overlay\"><\/div>\n\t\t\t\t\t\t<div class=\"elementor-shape elementor-shape-top\" aria-hidden=\"true\" data-negative=\"true\">\n\t\t\t<svg xmlns=\"http:\/\/www.w3.org\/2000\/svg\" viewbox=\"0 0 283.5 27.8\" preserveaspectratio=\"xMidYMax slice\">\n\t<path class=\"elementor-shape-fill\" d=\"M265.8 3.5c-10.9 0-15.9 6.2-15.9 6.2s-3.6-3.5-9.2-.9c-9.1 4.1-4.4 13.4-4.4 13.4s-1.2.2-1.9.9c-.6.7-.5 1.9-.5 1.9s-1-.5-2.3-.2c-1.3.3-1.6 1.4-1.6 1.4s.4-3.4-1.5-5c-3.9-3.4-8.3-.2-8.3-.2s-.6-.7-.9-.9c-.4-.2-1.2-.2-1.2-.2s-4.4-3.6-11.5-2.6-10.4 7.9-10.4 7.9-.5-3.3-3.9-4.9c-4.8-2.4-7.4 0-7.4 0s2.4-4.1-1.9-6.4-6.2 1.2-6.2 1.2-.9-.5-2.1-.5-2.3 1.1-2.3 1.1.1-.7-1.1-1.1c-1.2-.4-2 0-2 0s3.6-6.8-3.5-8.9c-6-1.8-7.9 2.6-8.4 4-.1-.3-.4-.7-.9-1.1-1-.7-1.3-.5-1.3-.5s1-4-1.7-5.2c-2.7-1.2-4.2 1.1-4.2 1.1s-3.1-1-5.7 1.4-2.1 5.5-2.1 5.5-.9 0-2.1.7-1.4 1.7-1.4 1.7-1.7-1.2-4.3-1.2c-2.6 0-4.5 1.2-4.5 1.2s-.7-1.5-2.8-2.4c-2.1-.9-4 0-4 0s2.6-5.9-4.7-9c-7.3-3.1-12.6 3.3-12.6 3.3s-.9 0-1.9.2c-.9.2-1.5.9-1.5.9S99.4 3 94.9 3.9c-4.5.9-5.7 5.7-5.7 5.7s-2.8-5-12.3-3.9-11.1 6-11.1 6-1.2-1.4-4-.7c-.8.2-1.3.5-1.8.9-.9-2.1-2.7-4.9-6.2-4.4-3.2.4-4 2.2-4 2.2s-.5-.7-1.2-.7h-1.4s-.5-.9-1.7-1.4-2.4 0-2.4 0-2.4-1.2-4.7 0-3.1 4.1-3.1 4.1-1.7-1.4-3.6-.7c-1.9.7-1.9 2.8-1.9 2.8s-.5-.5-1.7-.2c-1.2.2-1.4.7-1.4.7s-.7-2.3-2.8-2.8c-2.1-.5-4.3.2-4.3.2s-1.7-5-11.1-6c-3.8-.4-6.6.2-8.5 1v21.2h283.5V11.1c-.9.2-1.6.4-1.6.4s-5.2-8-16.1-8z\"\/>\n<\/svg>\n\t\t<\/div>\n\t\t\t\t<div class=\"elementor-shape elementor-shape-bottom\" aria-hidden=\"true\" data-negative=\"true\">\n\t\t\t<svg xmlns=\"http:\/\/www.w3.org\/2000\/svg\" viewbox=\"0 0 283.5 27.8\" preserveaspectratio=\"xMidYMax slice\">\n\t<path class=\"elementor-shape-fill\" d=\"M265.8 3.5c-10.9 0-15.9 6.2-15.9 6.2s-3.6-3.5-9.2-.9c-9.1 4.1-4.4 13.4-4.4 13.4s-1.2.2-1.9.9c-.6.7-.5 1.9-.5 1.9s-1-.5-2.3-.2c-1.3.3-1.6 1.4-1.6 1.4s.4-3.4-1.5-5c-3.9-3.4-8.3-.2-8.3-.2s-.6-.7-.9-.9c-.4-.2-1.2-.2-1.2-.2s-4.4-3.6-11.5-2.6-10.4 7.9-10.4 7.9-.5-3.3-3.9-4.9c-4.8-2.4-7.4 0-7.4 0s2.4-4.1-1.9-6.4-6.2 1.2-6.2 1.2-.9-.5-2.1-.5-2.3 1.1-2.3 1.1.1-.7-1.1-1.1c-1.2-.4-2 0-2 0s3.6-6.8-3.5-8.9c-6-1.8-7.9 2.6-8.4 4-.1-.3-.4-.7-.9-1.1-1-.7-1.3-.5-1.3-.5s1-4-1.7-5.2c-2.7-1.2-4.2 1.1-4.2 1.1s-3.1-1-5.7 1.4-2.1 5.5-2.1 5.5-.9 0-2.1.7-1.4 1.7-1.4 1.7-1.7-1.2-4.3-1.2c-2.6 0-4.5 1.2-4.5 1.2s-.7-1.5-2.8-2.4c-2.1-.9-4 0-4 0s2.6-5.9-4.7-9c-7.3-3.1-12.6 3.3-12.6 3.3s-.9 0-1.9.2c-.9.2-1.5.9-1.5.9S99.4 3 94.9 3.9c-4.5.9-5.7 5.7-5.7 5.7s-2.8-5-12.3-3.9-11.1 6-11.1 6-1.2-1.4-4-.7c-.8.2-1.3.5-1.8.9-.9-2.1-2.7-4.9-6.2-4.4-3.2.4-4 2.2-4 2.2s-.5-.7-1.2-.7h-1.4s-.5-.9-1.7-1.4-2.4 0-2.4 0-2.4-1.2-4.7 0-3.1 4.1-3.1 4.1-1.7-1.4-3.6-.7c-1.9.7-1.9 2.8-1.9 2.8s-.5-.5-1.7-.2c-1.2.2-1.4.7-1.4.7s-.7-2.3-2.8-2.8c-2.1-.5-4.3.2-4.3.2s-1.7-5-11.1-6c-3.8-.4-6.6.2-8.5 1v21.2h283.5V11.1c-.9.2-1.6.4-1.6.4s-5.2-8-16.1-8z\"\/>\n<\/svg>\n\t\t<\/div>\n\t\t\t\t\t<div class=\"elementor-container elementor-column-gap-default\">\n\t\t\t\t\t<div class=\"elementor-column elementor-col-100 elementor-top-column elementor-element elementor-element-11df00d5\" data-id=\"11df00d5\" data-element_type=\"column\">\n\t\t\t<div class=\"elementor-widget-wrap elementor-element-populated\">\n\t\t\t\t\t\t<section class=\"elementor-section elementor-inner-section elementor-element elementor-element-408b8dd4 elementor-section-full_width elementor-section-height-default elementor-section-height-default\" data-id=\"408b8dd4\" data-element_type=\"section\" data-settings=\"{&quot;motion_fx_motion_fx_scrolling&quot;:&quot;yes&quot;,&quot;motion_fx_translateY_effect&quot;:&quot;yes&quot;,&quot;motion_fx_translateY_speed&quot;:{&quot;unit&quot;:&quot;px&quot;,&quot;size&quot;:4,&quot;sizes&quot;:[]},&quot;motion_fx_translateY_affectedRange&quot;:{&quot;unit&quot;:&quot;%&quot;,&quot;size&quot;:&quot;&quot;,&quot;sizes&quot;:{&quot;start&quot;:0,&quot;end&quot;:100}},&quot;motion_fx_devices&quot;:[&quot;widescreen&quot;,&quot;desktop&quot;,&quot;laptop&quot;,&quot;tablet_extra&quot;,&quot;tablet&quot;,&quot;mobile_extra&quot;,&quot;mobile&quot;]}\">\n\t\t\t\t\t\t<div class=\"elementor-container elementor-column-gap-wider\">\n\t\t\t\t\t<div class=\"elementor-column elementor-col-100 elementor-inner-column elementor-element elementor-element-596d4d22\" data-id=\"596d4d22\" data-element_type=\"column\">\n\t\t\t<div class=\"elementor-widget-wrap elementor-element-populated\">\n\t\t\t\t\t\t<div class=\"elementor-element elementor-element-22a7a654 elementor-widget elementor-widget-heading\" data-id=\"22a7a654\" data-element_type=\"widget\" data-widget_type=\"heading.default\">\n\t\t\t\t\t<h2 class=\"elementor-heading-title elementor-size-default\">Matr\u00edcula<\/h2>\t\t\t\t<\/div>\n\t\t\t\t<div class=\"elementor-element elementor-element-2efacd45 elementor-widget-divider--view-line elementor-widget elementor-widget-divider\" data-id=\"2efacd45\" data-element_type=\"widget\" data-widget_type=\"divider.default\">\n\t\t\t\t\t\t\t<div class=\"elementor-divider\">\n\t\t\t<span class=\"elementor-divider-separator\">\n\t\t\t\t\t\t<\/span>\n\t\t<\/div>\n\t\t\t\t\t\t<\/div>\n\t\t\t\t<div class=\"elementor-element elementor-element-2189197 elementor-widget elementor-widget-text-editor\" data-id=\"2189197\" data-element_type=\"widget\" data-widget_type=\"text-editor.default\">\n\t\t\t\t\t\t\t\t\t<p>La matr\u00edcula vence el viernes para la atenci\u00f3n que se brindar\u00e1 la semana siguiente. Si no paga la matr\u00edcula antes del lunes, se aplicar\u00e1 un recargo por demora a la matr\u00edcula de esa semana.&nbsp;<\/p>\n<p>Aceptamos giros postales, Visa, Discover o MasterCard. **Aceptamos T\u00edtulo 20**<\/p>\n<p>La matr\u00edcula a tiempo completo se basa en una jornada de 5 a 9.45 horas, cinco d\u00edas a la semana, sin exceder las 50 horas semanales. Se aplicar\u00e1 un cargo adicional de $10 por cada 15 minutos por cualquier tiempo que exceda las 9.45 horas diarias, por llegadas anticipadas o recogidas tard\u00edas despu\u00e9s de la hora contratada. Los cargos adicionales deben abonarse con su pr\u00f3ximo pago de matr\u00edcula. Si necesita atenci\u00f3n durante m\u00e1s de las 9.45 horas diarias, por favor, consulte con la gerencia. Se a\u00f1adir\u00e1 un importe adicional a su matr\u00edcula semanal.<\/p>\n<p>La matr\u00edcula a tiempo parcial se basa en horas programadas o por d\u00eda, sin exceder las 5 horas. (4.45) Hasta 9.45 horas. Se aplicar\u00e1 un cargo adicional de $10 por cada 15 minutos adicionales a las 9.45 horas.<\/p>\n<p><span data-teams=\"true\">Se cobrar\u00e1 la matr\u00edcula si su hijo\/a se ausenta por enfermedad, motivos personales, emergencia o cierre oficial de Playtime Daycare &amp; Learning Center. Si su hijo\/a se ausentar\u00e1 por tres (3) d\u00edas consecutivos o m\u00e1s, puede solicitar una licencia temporal. Esta solicitud debe presentarse por escrito y queda a discreci\u00f3n de la gerencia. Si la gerencia no la aprueba, usted ser\u00e1 responsable de pagar la matr\u00edcula semanal durante la licencia.<\/span><\/p>\t\t\t\t\t\t\t\t<\/div>\n\t\t\t\t\t<\/div>\n\t\t<\/div>\n\t\t\t\t\t<\/div>\n\t\t<\/section>\n\t\t\t\t\t<\/div>\n\t\t<\/div>\n\t\t\t\t\t<\/div>\n\t\t<\/section>\n\t\t\t\t<\/div>","protected":false},"excerpt":{"rendered":"<p>Inscripci\u00f3n La oportunidad de inscribirse est\u00e1 abierta a todos los beb\u00e9s, ni\u00f1os peque\u00f1os y ni\u00f1os hasta los 13 a\u00f1os, siempre que el programa pueda satisfacer las necesidades del ni\u00f1o y haya un espacio disponible. Ll\u00e1menos para programar un recorrido y recibir un paquete de inscripci\u00f3n. Antes de la fecha de inicio de su hijo, deber\u00e1 completar el [\u2026]<\/p>","protected":false},"author":2,"featured_media":0,"parent":0,"menu_order":0,"comment_status":"closed","ping_status":"closed","template":"elementor_header_footer","meta":{"footnotes":""},"class_list":["post-3518","page","type-page","status-publish","hentry"],"_links":{"self":[{"href":"https:\/\/playtime-daycare.com\/es\/wp-json\/wp\/v2\/pages\/3518","targetHints":{"allow":["GET"]}}],"collection":[{"href":"https:\/\/playtime-daycare.com\/es\/wp-json\/wp\/v2\/pages"}],"about":[{"href":"https:\/\/playtime-daycare.com\/es\/wp-json\/wp\/v2\/types\/page"}],"author":[{"embeddable":true,"href":"https:\/\/playtime-daycare.com\/es\/wp-json\/wp\/v2\/users\/2"}],"replies":[{"embeddable":true,"href":"https:\/\/playtime-daycare.com\/es\/wp-json\/wp\/v2\/comments?post=3518"}],"version-history":[{"count":52,"href":"https:\/\/playtime-daycare.com\/es\/wp-json\/wp\/v2\/pages\/3518\/revisions"}],"predecessor-version":[{"id":4238,"href":"https:\/\/playtime-daycare.com\/es\/wp-json\/wp\/v2\/pages\/3518\/revisions\/4238"}],"wp:attachment":[{"href":"https:\/\/playtime-daycare.com\/es\/wp-json\/wp\/v2\/media?parent=3518"}],"curies":[{"name":"gracias","href":"https:\/\/api.w.org\/{rel}","templated":true}]}}