{"id":3468,"date":"2021-06-23T17:48:03","date_gmt":"2021-06-23T17:48:03","guid":{"rendered":"https:\/\/playtime-daycare.com\/?page_id=3468"},"modified":"2025-08-07T21:51:08","modified_gmt":"2025-08-07T21:51:08","slug":"about","status":"publish","type":"page","link":"https:\/\/playtime-daycare.com\/es\/about\/","title":{"rendered":"Acerca de \u2013 Nuevo"},"content":{"rendered":"<div data-elementor-type=\"wp-page\" data-elementor-id=\"3468\" class=\"elementor elementor-3468\" data-elementor-post-type=\"page\">\n\t\t\t\t\t\t<section class=\"elementor-section elementor-top-section elementor-element elementor-element-6df8ab07 elementor-section-height-min-height elementor-section-items-stretch elementor-section-boxed elementor-section-height-default\" data-id=\"6df8ab07\" data-element_type=\"section\">\n\t\t\t\t\t\t<div class=\"elementor-container elementor-column-gap-wider\">\n\t\t\t\t\t<div class=\"elementor-column elementor-col-50 elementor-top-column elementor-element elementor-element-3aaab63\" data-id=\"3aaab63\" data-element_type=\"column\">\n\t\t\t<div class=\"elementor-widget-wrap elementor-element-populated\">\n\t\t\t\t\t\t<div class=\"elementor-element elementor-element-ce4113c elementor-widget elementor-widget-heading\" data-id=\"ce4113c\" data-element_type=\"widget\" data-widget_type=\"heading.default\">\n\t\t\t\t\t<h2 class=\"elementor-heading-title elementor-size-default\">Sobre nosotros<\/h2>\t\t\t\t<\/div>\n\t\t\t\t<div class=\"elementor-element elementor-element-18431e2 elementor-widget-divider--view-line elementor-widget elementor-widget-divider\" data-id=\"18431e2\" data-element_type=\"widget\" data-widget_type=\"divider.default\">\n\t\t\t\t\t\t\t<div class=\"elementor-divider\">\n\t\t\t<span class=\"elementor-divider-separator\">\n\t\t\t\t\t\t<\/span>\n\t\t<\/div>\n\t\t\t\t\t\t<\/div>\n\t\t\t\t<div class=\"elementor-element elementor-element-82cbb62 elementor-widget elementor-widget-text-editor\" data-id=\"82cbb62\" data-element_type=\"widget\" data-widget_type=\"text-editor.default\">\n\t\t\t\t\t\t\t\t\t<div><div><span style=\"font-size: 1rem;\">Guarder\u00eda y centro de aprendizaje Playtime<\/span>\u00a0Siempre ofrecemos programas de educaci\u00f3n temprana profesionales y de alta calidad para cada ni\u00f1o. Nos comprometemos con cada ni\u00f1o y con satisfacer sus necesidades. Dise\u00f1amos nuestras instalaciones para que sean entornos saludables, seguros y estimulantes.<\/div><\/div>\t\t\t\t\t\t\t\t<\/div>\n\t\t\t\t<div class=\"elementor-element elementor-element-b7d09aa elementor-widget elementor-widget-heading\" data-id=\"b7d09aa\" data-element_type=\"widget\" data-widget_type=\"heading.default\">\n\t\t\t\t\t<h5 class=\"elementor-heading-title elementor-size-default\">Leer m\u00e1s<\/h5>\t\t\t\t<\/div>\n\t\t\t\t<div class=\"elementor-element elementor-element-4d4aef0 elementor-view-framed elementor-shape-circle elementor-widget elementor-widget-icon\" data-id=\"4d4aef0\" data-element_type=\"widget\" data-widget_type=\"icon.default\">\n\t\t\t\t\t\t\t<div class=\"elementor-icon-wrapper\">\n\t\t\t<div class=\"elementor-icon\">\n\t\t\t<svg aria-hidden=\"true\" class=\"e-font-icon-svg e-fas-arrow-down\" viewbox=\"0 0 448 512\" xmlns=\"http:\/\/www.w3.org\/2000\/svg\"><path d=\"M413.1 222.5l22.2 22.2c9.4 9.4 9.4 24.6 0 33.9L241 473c-9.4 9.4-24.6 9.4-33.9 0L12.7 278.6c-9.4-9.4-9.4-24.6 0-33.9l22.2-22.2c9.5-9.5 25-9.3 34.3.4L184 343.4V56c0-13.3 10.7-24 24-24h32c13.3 0 24 10.7 24 24v287.4l114.8-120.5c9.3-9.8 24.8-10 34.3-.4z\"><\/path><\/svg>\t\t\t<\/div>\n\t\t<\/div>\n\t\t\t\t\t\t<\/div>\n\t\t\t\t\t<\/div>\n\t\t<\/div>\n\t\t\t\t<div class=\"elementor-column elementor-col-50 elementor-top-column elementor-element elementor-element-fa7c2ab\" data-id=\"fa7c2ab\" data-element_type=\"column\">\n\t\t\t<div class=\"elementor-widget-wrap\">\n\t\t\t\t\t\t\t<\/div>\n\t\t<\/div>\n\t\t\t\t\t<\/div>\n\t\t<\/section>\n\t\t\t\t<section class=\"elementor-section elementor-top-section elementor-element elementor-element-19f5f68d elementor-section-full_width elementor-section-height-min-height elementor-section-height-default elementor-section-items-middle\" data-id=\"19f5f68d\" data-element_type=\"section\" data-settings=\"{&quot;background_background&quot;:&quot;classic&quot;,&quot;shape_divider_top&quot;:&quot;clouds&quot;,&quot;shape_divider_top_negative&quot;:&quot;yes&quot;,&quot;shape_divider_bottom&quot;:&quot;clouds&quot;,&quot;shape_divider_bottom_negative&quot;:&quot;yes&quot;}\">\n\t\t\t\t\t\t\t<div class=\"elementor-background-overlay\"><\/div>\n\t\t\t\t\t\t<div class=\"elementor-shape elementor-shape-top\" aria-hidden=\"true\" data-negative=\"true\">\n\t\t\t<svg xmlns=\"http:\/\/www.w3.org\/2000\/svg\" viewbox=\"0 0 283.5 27.8\" preserveaspectratio=\"xMidYMax slice\">\n\t<path class=\"elementor-shape-fill\" d=\"M265.8 3.5c-10.9 0-15.9 6.2-15.9 6.2s-3.6-3.5-9.2-.9c-9.1 4.1-4.4 13.4-4.4 13.4s-1.2.2-1.9.9c-.6.7-.5 1.9-.5 1.9s-1-.5-2.3-.2c-1.3.3-1.6 1.4-1.6 1.4s.4-3.4-1.5-5c-3.9-3.4-8.3-.2-8.3-.2s-.6-.7-.9-.9c-.4-.2-1.2-.2-1.2-.2s-4.4-3.6-11.5-2.6-10.4 7.9-10.4 7.9-.5-3.3-3.9-4.9c-4.8-2.4-7.4 0-7.4 0s2.4-4.1-1.9-6.4-6.2 1.2-6.2 1.2-.9-.5-2.1-.5-2.3 1.1-2.3 1.1.1-.7-1.1-1.1c-1.2-.4-2 0-2 0s3.6-6.8-3.5-8.9c-6-1.8-7.9 2.6-8.4 4-.1-.3-.4-.7-.9-1.1-1-.7-1.3-.5-1.3-.5s1-4-1.7-5.2c-2.7-1.2-4.2 1.1-4.2 1.1s-3.1-1-5.7 1.4-2.1 5.5-2.1 5.5-.9 0-2.1.7-1.4 1.7-1.4 1.7-1.7-1.2-4.3-1.2c-2.6 0-4.5 1.2-4.5 1.2s-.7-1.5-2.8-2.4c-2.1-.9-4 0-4 0s2.6-5.9-4.7-9c-7.3-3.1-12.6 3.3-12.6 3.3s-.9 0-1.9.2c-.9.2-1.5.9-1.5.9S99.4 3 94.9 3.9c-4.5.9-5.7 5.7-5.7 5.7s-2.8-5-12.3-3.9-11.1 6-11.1 6-1.2-1.4-4-.7c-.8.2-1.3.5-1.8.9-.9-2.1-2.7-4.9-6.2-4.4-3.2.4-4 2.2-4 2.2s-.5-.7-1.2-.7h-1.4s-.5-.9-1.7-1.4-2.4 0-2.4 0-2.4-1.2-4.7 0-3.1 4.1-3.1 4.1-1.7-1.4-3.6-.7c-1.9.7-1.9 2.8-1.9 2.8s-.5-.5-1.7-.2c-1.2.2-1.4.7-1.4.7s-.7-2.3-2.8-2.8c-2.1-.5-4.3.2-4.3.2s-1.7-5-11.1-6c-3.8-.4-6.6.2-8.5 1v21.2h283.5V11.1c-.9.2-1.6.4-1.6.4s-5.2-8-16.1-8z\"\/>\n<\/svg>\n\t\t<\/div>\n\t\t\t\t<div class=\"elementor-shape elementor-shape-bottom\" aria-hidden=\"true\" data-negative=\"true\">\n\t\t\t<svg xmlns=\"http:\/\/www.w3.org\/2000\/svg\" viewbox=\"0 0 283.5 27.8\" preserveaspectratio=\"xMidYMax slice\">\n\t<path class=\"elementor-shape-fill\" d=\"M265.8 3.5c-10.9 0-15.9 6.2-15.9 6.2s-3.6-3.5-9.2-.9c-9.1 4.1-4.4 13.4-4.4 13.4s-1.2.2-1.9.9c-.6.7-.5 1.9-.5 1.9s-1-.5-2.3-.2c-1.3.3-1.6 1.4-1.6 1.4s.4-3.4-1.5-5c-3.9-3.4-8.3-.2-8.3-.2s-.6-.7-.9-.9c-.4-.2-1.2-.2-1.2-.2s-4.4-3.6-11.5-2.6-10.4 7.9-10.4 7.9-.5-3.3-3.9-4.9c-4.8-2.4-7.4 0-7.4 0s2.4-4.1-1.9-6.4-6.2 1.2-6.2 1.2-.9-.5-2.1-.5-2.3 1.1-2.3 1.1.1-.7-1.1-1.1c-1.2-.4-2 0-2 0s3.6-6.8-3.5-8.9c-6-1.8-7.9 2.6-8.4 4-.1-.3-.4-.7-.9-1.1-1-.7-1.3-.5-1.3-.5s1-4-1.7-5.2c-2.7-1.2-4.2 1.1-4.2 1.1s-3.1-1-5.7 1.4-2.1 5.5-2.1 5.5-.9 0-2.1.7-1.4 1.7-1.4 1.7-1.7-1.2-4.3-1.2c-2.6 0-4.5 1.2-4.5 1.2s-.7-1.5-2.8-2.4c-2.1-.9-4 0-4 0s2.6-5.9-4.7-9c-7.3-3.1-12.6 3.3-12.6 3.3s-.9 0-1.9.2c-.9.2-1.5.9-1.5.9S99.4 3 94.9 3.9c-4.5.9-5.7 5.7-5.7 5.7s-2.8-5-12.3-3.9-11.1 6-11.1 6-1.2-1.4-4-.7c-.8.2-1.3.5-1.8.9-.9-2.1-2.7-4.9-6.2-4.4-3.2.4-4 2.2-4 2.2s-.5-.7-1.2-.7h-1.4s-.5-.9-1.7-1.4-2.4 0-2.4 0-2.4-1.2-4.7 0-3.1 4.1-3.1 4.1-1.7-1.4-3.6-.7c-1.9.7-1.9 2.8-1.9 2.8s-.5-.5-1.7-.2c-1.2.2-1.4.7-1.4.7s-.7-2.3-2.8-2.8c-2.1-.5-4.3.2-4.3.2s-1.7-5-11.1-6c-3.8-.4-6.6.2-8.5 1v21.2h283.5V11.1c-.9.2-1.6.4-1.6.4s-5.2-8-16.1-8z\"\/>\n<\/svg>\n\t\t<\/div>\n\t\t\t\t\t<div class=\"elementor-container elementor-column-gap-default\">\n\t\t\t\t\t<div class=\"elementor-column elementor-col-100 elementor-top-column elementor-element elementor-element-33176fa4\" data-id=\"33176fa4\" data-element_type=\"column\">\n\t\t\t<div class=\"elementor-widget-wrap elementor-element-populated\">\n\t\t\t\t\t\t<section class=\"elementor-section elementor-inner-section elementor-element elementor-element-3896f53 elementor-section-boxed elementor-section-height-default elementor-section-height-default\" data-id=\"3896f53\" data-element_type=\"section\" id=\"content\" data-settings=\"{&quot;motion_fx_motion_fx_scrolling&quot;:&quot;yes&quot;,&quot;motion_fx_translateY_effect&quot;:&quot;yes&quot;,&quot;motion_fx_translateY_speed&quot;:{&quot;unit&quot;:&quot;px&quot;,&quot;size&quot;:6,&quot;sizes&quot;:[]},&quot;motion_fx_translateY_affectedRange&quot;:{&quot;unit&quot;:&quot;%&quot;,&quot;size&quot;:&quot;&quot;,&quot;sizes&quot;:{&quot;start&quot;:0,&quot;end&quot;:100}},&quot;motion_fx_devices&quot;:[&quot;widescreen&quot;,&quot;desktop&quot;,&quot;laptop&quot;,&quot;tablet_extra&quot;,&quot;tablet&quot;,&quot;mobile_extra&quot;,&quot;mobile&quot;]}\">\n\t\t\t\t\t\t<div class=\"elementor-container elementor-column-gap-default\">\n\t\t\t\t\t<div class=\"elementor-column elementor-col-33 elementor-inner-column elementor-element elementor-element-c36fc18\" data-id=\"c36fc18\" data-element_type=\"column\">\n\t\t\t<div class=\"elementor-widget-wrap elementor-element-populated\">\n\t\t\t\t\t\t<div class=\"elementor-element elementor-element-4453cb1 elementor-view-framed elementor-shape-circle elementor-position-top elementor-mobile-position-top elementor-widget elementor-widget-icon-box\" data-id=\"4453cb1\" data-element_type=\"widget\" data-widget_type=\"icon-box.default\">\n\t\t\t\t\t\t\t<div class=\"elementor-icon-box-wrapper\">\n\n\t\t\t\t\t\t<div class=\"elementor-icon-box-icon\">\n\t\t\t\t<span  class=\"elementor-icon\">\n\t\t\t\t<svg aria-hidden=\"true\" class=\"e-font-icon-svg e-fas-utensils\" viewbox=\"0 0 416 512\" xmlns=\"http:\/\/www.w3.org\/2000\/svg\"><path d=\"M207.9 15.2c.8 4.7 16.1 94.5 16.1 128.8 0 52.3-27.8 89.6-68.9 104.6L168 486.7c.7 13.7-10.2 25.3-24 25.3H80c-13.7 0-24.7-11.5-24-25.3l12.9-238.1C27.7 233.6 0 196.2 0 144 0 109.6 15.3 19.9 16.1 15.2 19.3-5.1 61.4-5.4 64 16.3v141.2c1.3 3.4 15.1 3.2 16 0 1.4-25.3 7.9-139.2 8-141.8 3.3-20.8 44.7-20.8 47.9 0 .2 2.7 6.6 116.5 8 141.8.9 3.2 14.8 3.4 16 0V16.3c2.6-21.6 44.8-21.4 48-1.1zm119.2 285.7l-15 185.1c-1.2 14 9.9 26 23.9 26h56c13.3 0 24-10.7 24-24V24c0-13.2-10.7-24-24-24-82.5 0-221.4 178.5-64.9 300.9z\"><\/path><\/svg>\t\t\t\t<\/span>\n\t\t\t<\/div>\n\t\t\t\n\t\t\t\t\t\t<div class=\"elementor-icon-box-content\">\n\n\t\t\t\t\t\t\t\t\t<h3 class=\"elementor-icon-box-title\">\n\t\t\t\t\t\t<span  >\n\t\t\t\t\t\t\tComidas\t\t\t\t\t\t<\/span>\n\t\t\t\t\t<\/h3>\n\t\t\t\t\n\t\t\t\t\t\t\t\t\t<p class=\"elementor-icon-box-description\">\n\t\t\t\t\t\tOfrecemos comidas y refrigerios saludables y nutritivos a todos los ni\u00f1os inscritos en nuestro programa sin costo adicional. Los men\u00fas est\u00e1n incluidos en sus paquetes de inscripci\u00f3n y se exhiben en el vest\u00edbulo.  <br><br><b>Bocado matutino:<\/b> 9:30 am <br>\n<b>Almuerzo:<\/b> 12:30 pm <br>\n<b>Merienda:<\/b> 4:00 pm <br>\n<b>Tenga en cuenta: <\/b> Debe entregar una carta escrita que enumere las alergias espec\u00edficas o las dietas especiales que su hijo necesita.\n\t\t\t\t\t<\/p>\n\t\t\t\t\n\t\t\t<\/div>\n\t\t\t\n\t\t<\/div>\n\t\t\t\t\t\t<\/div>\n\t\t\t\t\t<\/div>\n\t\t<\/div>\n\t\t\t\t<div class=\"elementor-column elementor-col-33 elementor-inner-column elementor-element elementor-element-fdd218f\" data-id=\"fdd218f\" data-element_type=\"column\">\n\t\t\t<div class=\"elementor-widget-wrap elementor-element-populated\">\n\t\t\t\t\t\t<div class=\"elementor-element elementor-element-b2b65f9 elementor-view-framed elementor-shape-circle elementor-position-top elementor-mobile-position-top elementor-widget elementor-widget-icon-box\" data-id=\"b2b65f9\" data-element_type=\"widget\" data-widget_type=\"icon-box.default\">\n\t\t\t\t\t\t\t<div class=\"elementor-icon-box-wrapper\">\n\n\t\t\t\t\t\t<div class=\"elementor-icon-box-icon\">\n\t\t\t\t<span  class=\"elementor-icon\">\n\t\t\t\t<svg aria-hidden=\"true\" class=\"e-font-icon-svg e-fas-bus\" viewbox=\"0 0 512 512\" xmlns=\"http:\/\/www.w3.org\/2000\/svg\"><path d=\"M488 128h-8V80c0-44.8-99.2-80-224-80S32 35.2 32 80v48h-8c-13.25 0-24 10.74-24 24v80c0 13.25 10.75 24 24 24h8v160c0 17.67 14.33 32 32 32v32c0 17.67 14.33 32 32 32h32c17.67 0 32-14.33 32-32v-32h192v32c0 17.67 14.33 32 32 32h32c17.67 0 32-14.33 32-32v-32h6.4c16 0 25.6-12.8 25.6-25.6V256h8c13.25 0 24-10.75 24-24v-80c0-13.26-10.75-24-24-24zM112 400c-17.67 0-32-14.33-32-32s14.33-32 32-32 32 14.33 32 32-14.33 32-32 32zm16-112c-17.67 0-32-14.33-32-32V128c0-17.67 14.33-32 32-32h256c17.67 0 32 14.33 32 32v128c0 17.67-14.33 32-32 32H128zm272 112c-17.67 0-32-14.33-32-32s14.33-32 32-32 32 14.33 32 32-14.33 32-32 32z\"><\/path><\/svg>\t\t\t\t<\/span>\n\t\t\t<\/div>\n\t\t\t\n\t\t\t\t\t\t<div class=\"elementor-icon-box-content\">\n\n\t\t\t\t\t\t\t\t\t<h3 class=\"elementor-icon-box-title\">\n\t\t\t\t\t\t<span  >\n\t\t\t\t\t\t\tTransporte\t\t\t\t\t\t<\/span>\n\t\t\t\t\t<\/h3>\n\t\t\t\t\n\t\t\t\t\t\t\t\t\t<p class=\"elementor-icon-box-description\">\n\t\t\t\t\t\tEl transporte se proporciona sin costo adicional. Ofrecemos transporte opcional a: <br><br>\nEducaci\u00f3n ejecutiva <span data-teams=\"true\">Academia<\/span> Escuela Charter (Allentown)<br>\nEscuela primaria Mosser (Allentown)<br>\nEscuela primaria Ritter (Allentown)<br>\nEscuela Charter Lincoln Leadership Academy (Allentown)<br>\n\n\t\t\t\t\t<\/p>\n\t\t\t\t\n\t\t\t<\/div>\n\t\t\t\n\t\t<\/div>\n\t\t\t\t\t\t<\/div>\n\t\t\t\t\t<\/div>\n\t\t<\/div>\n\t\t\t\t<div class=\"elementor-column elementor-col-33 elementor-inner-column elementor-element elementor-element-4120b77\" data-id=\"4120b77\" data-element_type=\"column\">\n\t\t\t<div class=\"elementor-widget-wrap elementor-element-populated\">\n\t\t\t\t\t\t<div class=\"elementor-element elementor-element-95e6108 elementor-view-framed elementor-shape-circle elementor-position-top elementor-mobile-position-top elementor-widget elementor-widget-icon-box\" data-id=\"95e6108\" data-element_type=\"widget\" data-widget_type=\"icon-box.default\">\n\t\t\t\t\t\t\t<div class=\"elementor-icon-box-wrapper\">\n\n\t\t\t\t\t\t<div class=\"elementor-icon-box-icon\">\n\t\t\t\t<span  class=\"elementor-icon\">\n\t\t\t\t<svg aria-hidden=\"true\" class=\"e-font-icon-svg e-far-id-card\" viewbox=\"0 0 576 512\" xmlns=\"http:\/\/www.w3.org\/2000\/svg\"><path d=\"M528 32H48C21.5 32 0 53.5 0 80v352c0 26.5 21.5 48 48 48h480c26.5 0 48-21.5 48-48V80c0-26.5-21.5-48-48-48zm0 400H303.2c.9-4.5.8 3.6.8-22.4 0-31.8-30.1-57.6-67.2-57.6-10.8 0-18.7 8-44.8 8-26.9 0-33.4-8-44.8-8-37.1 0-67.2 25.8-67.2 57.6 0 26-.2 17.9.8 22.4H48V144h480v288zm-168-80h112c4.4 0 8-3.6 8-8v-16c0-4.4-3.6-8-8-8H360c-4.4 0-8 3.6-8 8v16c0 4.4 3.6 8 8 8zm0-64h112c4.4 0 8-3.6 8-8v-16c0-4.4-3.6-8-8-8H360c-4.4 0-8 3.6-8 8v16c0 4.4 3.6 8 8 8zm0-64h112c4.4 0 8-3.6 8-8v-16c0-4.4-3.6-8-8-8H360c-4.4 0-8 3.6-8 8v16c0 4.4 3.6 8 8 8zm-168 96c35.3 0 64-28.7 64-64s-28.7-64-64-64-64 28.7-64 64 28.7 64 64 64z\"><\/path><\/svg>\t\t\t\t<\/span>\n\t\t\t<\/div>\n\t\t\t\n\t\t\t\t\t\t<div class=\"elementor-icon-box-content\">\n\n\t\t\t\t\t\t\t\t\t<h3 class=\"elementor-icon-box-title\">\n\t\t\t\t\t\t<span  >\n\t\t\t\t\t\t\tSeguridad\t\t\t\t\t\t<\/span>\n\t\t\t\t\t<\/h3>\n\t\t\t\t\n\t\t\t\t\t\t\t\t\t<p class=\"elementor-icon-box-description\">\n\t\t\t\t\t\tLa Guarder\u00eda y Centro de Aprendizaje Playtime cuenta con c\u00e1maras de seguridad en todo el edificio. Todas las aulas est\u00e1n vigiladas las 24 horas, los 7 d\u00edas de la semana. El vest\u00edbulo tiene una entrada cerrada con llave. El acceso a las aulas es limitado, a menos que sean los tutores o est\u00e9n en el formulario de contacto de emergencia. Deben presentar una identificaci\u00f3n con foto para recoger a los ni\u00f1os.\t\t\t\t\t<\/p>\n\t\t\t\t\n\t\t\t<\/div>\n\t\t\t\n\t\t<\/div>\n\t\t\t\t\t\t<\/div>\n\t\t\t\t\t<\/div>\n\t\t<\/div>\n\t\t\t\t\t<\/div>\n\t\t<\/section>\n\t\t\t\t<section class=\"elementor-section elementor-inner-section elementor-element elementor-element-6e5f6b26 elementor-section-boxed elementor-section-height-default elementor-section-height-default\" data-id=\"6e5f6b26\" data-element_type=\"section\" data-settings=\"{&quot;motion_fx_motion_fx_scrolling&quot;:&quot;yes&quot;,&quot;motion_fx_translateY_effect&quot;:&quot;yes&quot;,&quot;motion_fx_translateY_speed&quot;:{&quot;unit&quot;:&quot;px&quot;,&quot;size&quot;:4,&quot;sizes&quot;:[]},&quot;motion_fx_translateY_affectedRange&quot;:{&quot;unit&quot;:&quot;%&quot;,&quot;size&quot;:&quot;&quot;,&quot;sizes&quot;:{&quot;start&quot;:0,&quot;end&quot;:100}},&quot;motion_fx_devices&quot;:[&quot;widescreen&quot;,&quot;desktop&quot;,&quot;laptop&quot;,&quot;tablet_extra&quot;,&quot;tablet&quot;,&quot;mobile_extra&quot;,&quot;mobile&quot;]}\">\n\t\t\t\t\t\t<div class=\"elementor-container elementor-column-gap-wider\">\n\t\t\t\t\t<div class=\"elementor-column elementor-col-50 elementor-inner-column elementor-element elementor-element-18cc484c\" data-id=\"18cc484c\" data-element_type=\"column\">\n\t\t\t<div class=\"elementor-widget-wrap elementor-element-populated\">\n\t\t\t\t\t\t<div class=\"elementor-element elementor-element-76bfb560 elementor-widget elementor-widget-heading\" data-id=\"76bfb560\" data-element_type=\"widget\" data-widget_type=\"heading.default\">\n\t\t\t\t\t<h2 class=\"elementor-heading-title elementor-size-default\">Actividades<\/h2>\t\t\t\t<\/div>\n\t\t\t\t<div class=\"elementor-element elementor-element-52a2014c elementor-widget-divider--view-line elementor-widget elementor-widget-divider\" data-id=\"52a2014c\" data-element_type=\"widget\" data-widget_type=\"divider.default\">\n\t\t\t\t\t\t\t<div class=\"elementor-divider\">\n\t\t\t<span class=\"elementor-divider-separator\">\n\t\t\t\t\t\t<\/span>\n\t\t<\/div>\n\t\t\t\t\t\t<\/div>\n\t\t\t\t<div class=\"elementor-element elementor-element-579db1e4 elementor-widget elementor-widget-text-editor\" data-id=\"579db1e4\" data-element_type=\"widget\" data-widget_type=\"text-editor.default\">\n\t\t\t\t\t\t\t\t\t<p><span style=\"font-weight: 400;\">Los ni\u00f1os pueden participar en una variedad de actividades. Se proporcionan experiencias de aprendizaje tanto en el interior como en el exterior.<\/span><\/p><ul><li style=\"font-weight: 400;\" aria-level=\"1\"><b>Experiencias creativas:<\/b><span style=\"font-weight: 400;\"> Clay y Play Dough y diferentes experiencias art\u00edsticas.<\/span><\/li><li style=\"font-weight: 400;\" aria-level=\"1\"><b>Autodesarrollo:<\/b><span style=\"font-weight: 400;\"> Libros, rompecabezas y juegos de trivia.<\/span><\/li><li style=\"font-weight: 400;\" aria-level=\"1\"><b>Formaci\u00f3n de equipos:<\/b><span style=\"font-weight: 400;\"> Juegos y deportes organizados.<\/span><\/li><li style=\"font-weight: 400;\" aria-level=\"1\"><b>Interacci\u00f3n social:<\/b><span style=\"font-weight: 400;\"> Excursiones, deportes, recaudaci\u00f3n de fondos y eventos sociales.<\/span><\/li><\/ul><p><b>M\u00fasica y Movimiento:<\/b><span style=\"font-weight: 400;\"> Canciones y ejercicio.<\/span><\/p>\t\t\t\t\t\t\t\t<\/div>\n\t\t\t\t\t<\/div>\n\t\t<\/div>\n\t\t\t\t<div class=\"elementor-column elementor-col-50 elementor-inner-column elementor-element elementor-element-12f77578\" data-id=\"12f77578\" data-element_type=\"column\">\n\t\t\t<div class=\"elementor-widget-wrap elementor-element-populated\">\n\t\t\t\t\t\t<div class=\"elementor-element elementor-element-ca69996 elementor-widget elementor-widget-image\" data-id=\"ca69996\" data-element_type=\"widget\" data-widget_type=\"image.default\">\n\t\t\t\t\t\t\t\t\t\t\t\t\t\t\t<img fetchpriority=\"high\" decoding=\"async\" width=\"800\" height=\"531\" src=\"https:\/\/playtime-daycare.com\/wp-content\/uploads\/2015\/05\/gallery10.jpg\" class=\"attachment-large size-large wp-image-407\" alt=\"\" srcset=\"https:\/\/playtime-daycare.com\/wp-content\/uploads\/2015\/05\/gallery10.jpg 800w, https:\/\/playtime-daycare.com\/wp-content\/uploads\/2015\/05\/gallery10-300x199.jpg 300w, https:\/\/playtime-daycare.com\/wp-content\/uploads\/2015\/05\/gallery10-768x510.jpg 768w, https:\/\/playtime-daycare.com\/wp-content\/uploads\/2015\/05\/gallery10-624x414.jpg 624w\" sizes=\"(max-width: 800px) 100vw, 800px\" \/>\t\t\t\t\t\t\t\t\t\t\t\t\t\t\t<\/div>\n\t\t\t\t\t<\/div>\n\t\t<\/div>\n\t\t\t\t\t<\/div>\n\t\t<\/section>\n\t\t\t\t\t<\/div>\n\t\t<\/div>\n\t\t\t\t\t<\/div>\n\t\t<\/section>\n\t\t\t\t<\/div>","protected":false},"excerpt":{"rendered":"<p>Acerca de nosotros: Playtime Daycare &amp; Learning Center ofrece programas de educaci\u00f3n temprana profesionales y de alta calidad para cada ni\u00f1o. Nos comprometemos con cada ni\u00f1o y con satisfacer sus necesidades. Dise\u00f1amos nuestras instalaciones para que sean entornos saludables, seguros y estimulantes. Leer m\u00e1s: Comidas: Ofrecemos comidas y\/o refrigerios saludables y nutritivos a todos los ni\u00f1os inscritos en nuestro [\u2026]<\/p>","protected":false},"author":2,"featured_media":0,"parent":0,"menu_order":0,"comment_status":"closed","ping_status":"closed","template":"elementor_header_footer","meta":{"footnotes":""},"class_list":["post-3468","page","type-page","status-publish","hentry"],"_links":{"self":[{"href":"https:\/\/playtime-daycare.com\/es\/wp-json\/wp\/v2\/pages\/3468","targetHints":{"allow":["GET"]}}],"collection":[{"href":"https:\/\/playtime-daycare.com\/es\/wp-json\/wp\/v2\/pages"}],"about":[{"href":"https:\/\/playtime-daycare.com\/es\/wp-json\/wp\/v2\/types\/page"}],"author":[{"embeddable":true,"href":"https:\/\/playtime-daycare.com\/es\/wp-json\/wp\/v2\/users\/2"}],"replies":[{"embeddable":true,"href":"https:\/\/playtime-daycare.com\/es\/wp-json\/wp\/v2\/comments?post=3468"}],"version-history":[{"count":74,"href":"https:\/\/playtime-daycare.com\/es\/wp-json\/wp\/v2\/pages\/3468\/revisions"}],"predecessor-version":[{"id":4172,"href":"https:\/\/playtime-daycare.com\/es\/wp-json\/wp\/v2\/pages\/3468\/revisions\/4172"}],"wp:attachment":[{"href":"https:\/\/playtime-daycare.com\/es\/wp-json\/wp\/v2\/media?parent=3468"}],"curies":[{"name":"gracias","href":"https:\/\/api.w.org\/{rel}","templated":true}]}}