{"id":3106,"date":"2019-01-28T18:11:44","date_gmt":"2019-01-28T18:11:44","guid":{"rendered":"https:\/\/playtime-daycare.com\/?page_id=3106"},"modified":"2019-06-11T18:59:31","modified_gmt":"2019-06-11T18:59:31","slug":"rates","status":"publish","type":"page","link":"https:\/\/playtime-daycare.com\/es\/rates\/","title":{"rendered":"Tarifas"},"content":{"rendered":"<p>[et_pb_section fb_built=\u201d1\u2033 fullwidth=\u201don\u201d admin_label=\u201dSecci\u00f3n de encabezado\u201d _builder_version=\u201d3.11.1\u2033 background_image=\u201d\/wp-content\/2018\/06\/shapes-bg-color.png\u201d parallax=\u201don\u201d custom_padding=\u201d0||53px||false|false\u201d top_divider_style=\u201dclouds2\u2033 top_divider_color=\u201drgba(255,255,255,0.3)\u201d top_divider_height=\u201d100%\u201d bottom_divider_height=\u201d30px\u201d][et_pb_fullwidth_header title=\u201dNuestras tarifas\u201d text_orientation=\u201d center\u201d _builder_version=\u201d3.11.1\u2033 title_level=\u201dh2\u2033 title_font=\u201dRubik|700||on|||||\u201d title_text_color=\u201d#ff7355\u2033 title_font_size=\u201d29px\u201d title_letter_spacing=\u201d5px\u201d title_line_height=\u201d2em\u201d content_font=\u201dRubik||||||||\u201d content_font_size=\u201d18px\u201d content_line_height=\u201d2em\u201d subhead_font=\u201dRubik|700|||||||\u201d subhead_text_color=\u201drgba(0,0,0,0.8)\u201d subhead_font_size=\u201d30px\u201d subhead_font_size_phone=\u201d30px\u201d subhead_font_size_last_edited=\u201den|tel\u00e9fono\u201d subhead_line_height=\u201d1.4em\u201d background_color=\u201drgba(255,255,255,0)\u201d use_background_color_gradient=\u201d on\u201d background_color_gradient_start=\u201drgba(255,255,255,0.7)\u201d background_color_gradient_end=\u201d#ffffff\u201d background_size=\u201dcontain\u201d background_position=\u201dbottom_center\u201d custom_button_two=\u201don\u201d button_two_text_size=\u201d16px\u201d button_two_text_color=\u201d#ffffff\u201d button_two_bg_color=\u201drgba (0,0 &quot; button_two_use_icon=\u201doff\u201d button_two_bg_color_hover=\u201d#ff8a70\u2033 button_two_border_radius_hover=\u201d100px\u201d custom_button_one=\u201don\u201d button_one_text_size=\u201d16px\u201d button_one_text_color=\u201d#ffffff\u201d button_one_bg_color=\u201d#ff7355\u2033 button_one_border_wi dth=\u201d15px\u201d button_one_border_color=\u201drgba(210,159,104,0)\u201d button_one_border_radius=\u201d100px\u201d button_one_letter_spacing=\u201d0px\u201d button_one_font=\u201dRubik|700|||||||\u201d button_one_use_icon=\u201doff\u201d button_one_bg_color_hover=\u201d#ff8a70\u2033 button_one_border_radius_hover=\u201d100px\u201d background_layout=\u201dlight\u201d custom_margin=\u201d|||\u201d custom_padding=\u201d5vw||4vw|\u201d Animation_style=\u201dslide\u201d Animation_direction=\u201dbottom\u201d Animation_intensity_slide=\u201d1%\u201d][\/et_pb_fullwidth_header][\/et_pb_section][et_pb_section fb_built=\u201d1\u2033 background_color_gradient_end_1=\u201d#c7cbd4\u2033 admin_label=\u201dCaracter\u00edstica\u201d _builder_version=\u201d3.11.1\u2033 background_color= \u201drgba(231,235,238,0.53)\u201d custom_padding=\u201d0|0px|0|0px|false|false\u201d bloqueado=\u201doff\u201d][et_pb_row use_custom_width=\u201don\u201d width_unit=\u201doff\u201d custom_width_percent=\u201d100%\u201d custom_padding=\u201d0px |||\u201d margen_personalizado=\u201d0px|||\u201d _builder_version=\u201d3.11.1\u2033][et_pb_column type=\u201d4_4\u2033 _builder_version=\u201d3.11.1\u2033 parallax=\u201doff\u201d parallax_method=\u201don\u201d][et_pb_divider color=\u201d#8300e9\u2033 divider_weight=\u201d31px\u201d _builder_version=\u201d3.11. 1\u2033][\/et_pb_divider][\/et_pb_column][\/et_pb_row][et_pb_row custom_padding=\u201d54px|0px|50px|0px|false|false\u201d _builder_version=\u201d3.11.1\u2033][et_pb_column type=\u201d4_4\u2033 _builder_version=\u201d 3.11.1\u2033 parallax=\u201doff\u201d parallax_method=\u201don\u201d][et_pb_text _builder_version=\u201d3.11.1\u2033 text_font=\u201d||||||||\u201d text_font_size=\u201d16px\u201d text_line_height=\u201d2.3em\u201d]<\/p>\n<h1><strong>Cuota de inscripci\u00f3n<\/strong><\/h1>\n<p>Se cobrar\u00e1 una tarifa $10 no reembolsable por ni\u00f1o al momento de inscribir a sus hijos.<\/p>\n<h1><strong>Dep\u00f3sito de seguridad<\/strong><\/h1>\n<p>Las nuevas inscripciones deber\u00e1n realizar un dep\u00f3sito de seguridad equivalente a la matr\u00edcula de una semana por ni\u00f1o inscrito. El dep\u00f3sito de seguridad reserva un espacio para su hijo y se puede realizar hasta 1 mes antes de asistir. El dep\u00f3sito de seguridad ser\u00e1 reembolsado cuando su hijo se retire del centro y se cumplan todas las obligaciones financieras.<\/p>\n<p><strong>Tenga en cuenta:<\/strong> Se debe dar un aviso por escrito con dos semanas de anticipaci\u00f3n, o se perder\u00e1 el dep\u00f3sito, esto incluye los lugares reservados antes de comenzar.<\/p>\n<h1><strong>Matr\u00edcula<\/strong><\/h1>\n<p>Vencimiento el viernes para la atenci\u00f3n que se est\u00e1 brindando la siguiente semana. Si no paga su matr\u00edcula antes del lunes, se agregar\u00e1 un recargo por pago atrasado a la matr\u00edcula de esa semana.\u00a0<\/p>\n<p>Aceptamos giros postales, Visa, Discover o MasterCard. <strong>**Aceptamos el T\u00edtulo 20**<\/strong><\/p>\n<p>La matr\u00edcula de tiempo completo se basa en un horario de 5 a 10 horas diarias, cinco d\u00edas a la semana, sin exceder las 50 horas a la semana. Se incurrir\u00e1 en un cargo adicional de $5 por 15 minutos por cualquier horario superior a 10 horas por d\u00eda, por llegadas anticipadas o recogidas tard\u00edas despu\u00e9s de la hora contratada. Los cargos adicionales deben pagarse con su pr\u00f3ximo pago de matr\u00edcula. Si necesita atenci\u00f3n m\u00e1s all\u00e1 de las 10 horas por d\u00eda, hable con la gerencia. Se agregar\u00e1 una cantidad adicional a su matr\u00edcula semanal.<\/p>\n<p><span>La matr\u00edcula a tiempo parcial se basa en horas programadas por d\u00eda y no debe exceder las 5 horas.<\/span><\/p>\n<p><span style=\"font-size: 16px;\">Se cobrar\u00e1 la matr\u00edcula si su hijo est\u00e1 ausente debido a enfermedad, motivos personales, emergencia o cierre oficial de Playtime Daycare &amp; Learning Center. Si su hijo estar\u00e1 ausente durante tres (3) semanas consecutivas o m\u00e1s, puede solicitar una licencia temporal. Esta solicitud debe realizarse por escrito y queda a discreci\u00f3n de la gerencia. Si no lo aprueba la gerencia, usted ser\u00e1 responsable de pagar su matr\u00edcula semanal durante la licencia.<\/span><\/p>\n<p>[\/et_pb_text][\/et_pb_column][\/et_pb_row][\/et_pb_section][et_pb_section fb_built=\u201d1\u2033 background_color_gradient_end_1=\u201d#c7cbd4\u2033 admin_label=\u201dCaracter\u00edstica\u201d _builder_version=\u201d3.3\u2033 custom_padding=\u201d0|0px|0|0px|false |falso\u201d bloqueado=\u201dapagado\u201d][\/et_pb_section][et_pb_section fb_built=\u201d1\u2033 admin_label=\u201dPie de p\u00e1gina\u201d _builder_version=\u201d3.5\u2033 background_image=\u201d\/wp-content\/2018\/06\/jess-watters-483666-unsplash. jpg\u201d paralaje=\u201don\u201d custom_margin=\u201d|||\u201d custom_padding=\u201d|||\u201d save_tabs=\u201dall\u201d][et_pb_row use_custom_gutter=\u201don\u201d gutter_width=\u201d2\u2033 custom_padding=\u201d|||\u201d make_equal=\u201don\u201d _builder_version=\u201d3.4.1\u2033 border_radii=\u201don|10px|10px|10px|10px\u201d Animation_style=\u201dfade\u201d][et_pb_column type=\u201d4_4\u2033 _builder_version=\u201d3.0.47\u2033 parallax=\u201doff\u201d parallax_method=\u201don\u201d][et_pb_cta title=\u201dP\u00f3ngase en contacto\u201d button_url=\u201dhttps:\/\/www.playtime-daycare.com\/contact-us\u201d button_text=\u201dCont\u00e1ctenos\u201d _builder_version=\u201d3.11.1\u2033 header_font=\u201d Rubik|700|||||||\u201d header_font_size=\u201d40px\u201d header_font_size_phone=\u201d30px\u201d header_font_size_last_edited=\u201don|phone\u201d header_line_height=\u201d1.4em\u201d body_font=\u201dRubik||||||||\u201d body_line_height=\u201d2em\u201d body_line_height_last_edited=\u201doff|desktop\u201d background_color=\u201d#ffffff\u201d border_radii=\u201don|10px|10px|10px|10px\u201d custom_button=\u201don\u201d button_text_size=\u201d16px\u201d button_text_color=\u201d#ffffff\u201d button_bg_color=\u201d#7f5aff\u201d button_border_width=\u201d10px\u201d button_border_color=\u201drgba(65,65,144,0)\u201d button_border_radius=\u201d70px\u201d button_font=\u201dRubik|700|||||||\u201d button_use_icon=\u201doff\u201d button_text_color_hover=\u201d#ffffff\u201d button_bg_color_hover=\u201d#9577ff\u201d button_border_radius_hover=\u201d70px\u201d background_layout=\u201dlight\u201d max_width_last_edited=\u201doff|desktop\u201d module_alignment=\u201dright\u201d custom_margin=\u201d|||\u201d custom_padding=\u201d64px|60px|64px|60px|true\u201d]<\/p>\n<p><strong>Ubicaci\u00f3n:\u00a0<\/strong> 624 Hanover Avenue, Allentown, PA 18109<\/p>\n<p><strong>Tel\u00e9fono:\u00a0<\/strong><span style=\"color: #333333; font-size: 14px;\">(610) 432-3068<\/span><\/p>\n<p><strong style=\"font-size: 14px;\">Correo electr\u00f3nico:\u00a0<span>\u00a0<\/span><a href=\"mailto:inquiry@playtime-daycare.com\" target=\"_blank\" rel=\"noopener noreferrer\"><span>consulta@playtime-daycare.com<\/span><\/a><\/strong><\/p>\n<p><strong>Horas:<\/strong>\u00a0 Lunes a viernes de 5:30 a. m. a 10 p. m.<\/p>\n<p>Domingo y s\u00e1bado de 6:30 a. m. a 8 p. m.<\/p>\n<p>[\/et_pb_cta][\/et_pb_column][\/et_pb_row][et_pb_row _builder_version=\u201d3.5\u2033][et_pb_column type=\u201d4_4\u2033 _builder_version=\u201d3.0.47\u2033 parallax=\u201doff\u201d parallax_method=\u201don\u201d][et_pb_text _builder_version=\u201d 3.5\u2033 text_font=\u201dRubik||||||||\u201d text_line_height=\u201d2em\u201d text_line_height_last_edited=\u201doff|escritorio\u201d header_font=\u201d||||||||\u201d header_2_font=\u201dRubik|700||en|||||\u201d header_2_font_size=\u201d12px\u201d header_2_letter_spacing=\u201d3px\u201d header_2_line_height=\u201d1.5em\u201d header_5_font=\u201dRubik|700||on|||||\u201d header_5_font_size=\u201d12px\u201d header_5_letter_spacing=\u201d3px\u201d header_5_line_height=\u201d1.5em\u201d max_width=\u201d700px\u201d module_alignment=\u201dcenter\u201d custom_margin=\u201d50px||||false\u201d custom_margin_tablet=\u201d0px|||\u201d custom_margin_last_edited=\u201dapagado|escritorio\u201d]<\/p>\n<h5>Pol\u00edtica de no discriminaci\u00f3n<\/h5>\n<p>Se establecer\u00e1 y mantendr\u00e1 un sistema de personal abierto y equitativo. pol\u00edticas de personal,<br \/>\nLos procedimientos y pr\u00e1cticas se dise\u00f1ar\u00e1n para prohibir la discriminaci\u00f3n por motivos de raza, color, credo religioso, discapacidad, ascendencia, origen nacional, edad o sexo.<br \/>\n[\/et_pb_text][\/et_pb_column][\/et_pb_row][\/et_pb_section]<\/p>","protected":false},"excerpt":{"rendered":"<p>[et_pb_section fb_built=&#8221;1&#8243; fullwidth=&#8221;on&#8221; admin_label=&#8221;Header Section&#8221; _builder_version=&#8221;3.11.1&#8243; background_image=&#8221;\/wp-content\/2018\/06\/shapes-bg-color.png&#8221; parallax=&#8221;on&#8221; custom_padding=&#8221;0||53px||false|false&#8221; top_divider_style=&#8221;clouds2&#8243; top_divider_color=&#8221;rgba(255,255,255,0.3)&#8221; top_divider_height=&#8221;100%&#8221; bottom_divider_height=&#8221;30px&#8221;][et_pb_fullwidth_header title=&#8221;Our Rates&#8221; text_orientation=&#8221;center&#8221; _builder_version=&#8221;3.11.1&#8243; title_level=&#8221;h2&#8243; title_font=&#8221;Rubik|700||on|||||&#8221; title_text_color=&#8221;#ff7355&#8243; title_font_size=&#8221;29px&#8221; title_letter_spacing=&#8221;5px&#8221; title_line_height=&#8221;2em&#8221; content_font=&#8221;Rubik||||||||&#8221; content_font_size=&#8221;18px&#8221; content_line_height=&#8221;2em&#8221; subhead_font=&#8221;Rubik|700|||||||&#8221; subhead_text_color=&#8221;rgba(0,0,0,0.8)&#8221; subhead_font_size=&#8221;30px&#8221; subhead_font_size_phone=&#8221;30px&#8221; subhead_font_size_last_edited=&#8221;on|phone&#8221; subhead_line_height=&#8221;1.4em&#8221; background_color=&#8221;rgba(255,255,255,0)&#8221; use_background_color_gradient=&#8221;on&#8221; background_color_gradient_start=&#8221;rgba(255,255,255,0.7)&#8221; background_color_gradient_end=&#8221;#ffffff&#8221; background_size=&#8221;contain&#8221; background_position=&#8221;bottom_center&#8221; custom_button_two=&#8221;on&#8221; button_two_text_size=&#8221;16px&#8221; button_two_text_color=&#8221;#ffffff&#8221; button_two_bg_color=&#8221;rgba(0,0,0,0.6)&#8221; button_two_border_width=&#8221;15px&#8221; button_two_border_color=&#8221;rgba(210,159,104,0)&#8221; button_two_border_radius=&#8221;100px&#8221; button_two_letter_spacing=&#8221;0px&#8221; button_two_font=&#8221;Rubik|700|||||||&#8221; button_two_use_icon=&#8221;off&#8221; button_two_bg_color_hover=&#8221;#ff8a70&#8243; button_two_border_radius_hover=&#8221;100px&#8221; custom_button_one=&#8221;on&#8221; button_one_text_size=&#8221;16px&#8221; button_one_text_color=&#8221;#ffffff&#8221; button_one_bg_color=&#8221;#ff7355&#8243; button_one_border_width=&#8221;15px&#8221; [&hellip;]<\/p>","protected":false},"author":1,"featured_media":0,"parent":0,"menu_order":0,"comment_status":"closed","ping_status":"closed","template":"","meta":{"footnotes":""},"class_list":["post-3106","page","type-page","status-publish","hentry"],"_links":{"self":[{"href":"https:\/\/playtime-daycare.com\/es\/wp-json\/wp\/v2\/pages\/3106","targetHints":{"allow":["GET"]}}],"collection":[{"href":"https:\/\/playtime-daycare.com\/es\/wp-json\/wp\/v2\/pages"}],"about":[{"href":"https:\/\/playtime-daycare.com\/es\/wp-json\/wp\/v2\/types\/page"}],"author":[{"embeddable":true,"href":"https:\/\/playtime-daycare.com\/es\/wp-json\/wp\/v2\/users\/1"}],"replies":[{"embeddable":true,"href":"https:\/\/playtime-daycare.com\/es\/wp-json\/wp\/v2\/comments?post=3106"}],"version-history":[{"count":0,"href":"https:\/\/playtime-daycare.com\/es\/wp-json\/wp\/v2\/pages\/3106\/revisions"}],"wp:attachment":[{"href":"https:\/\/playtime-daycare.com\/es\/wp-json\/wp\/v2\/media?parent=3106"}],"curies":[{"name":"gracias","href":"https:\/\/api.w.org\/{rel}","templated":true}]}}